{"id":2032,"date":"2024-11-29T04:57:02","date_gmt":"2024-11-29T04:57:02","guid":{"rendered":"https:\/\/www.thedeck-samui.com\/visite-virtuelle\/"},"modified":"2024-12-27T10:09:43","modified_gmt":"2024-12-27T10:09:43","slug":"visite-virtuelle","status":"publish","type":"page","link":"https:\/\/www.thedeck-samui.com\/fr\/visite-virtuelle\/","title":{"rendered":"Visite virtuelle"},"content":{"rendered":"<style>.elementor-2032 .elementor-element.elementor-element-4fccfdb:not(.elementor-motion-effects-element-type-background) > .elementor-widget-wrap, .elementor-2032 .elementor-element.elementor-element-4fccfdb > .elementor-widget-wrap > .elementor-motion-effects-container > .elementor-motion-effects-layer{background-color:#74543B;}.elementor-2032 .elementor-element.elementor-element-4fccfdb > .elementor-element-populated{transition:background 0.3s, border 0.3s, border-radius 0.3s, box-shadow 0.3s;padding:6em 0em 0em 0em;}.elementor-2032 .elementor-element.elementor-element-4fccfdb > .elementor-element-populated > .elementor-background-overlay{transition:background 0.3s, border-radius 0.3s, opacity 0.3s;}.elementor-2032 .elementor-element.elementor-element-dee0133{text-align:center;}.elementor-2032 .elementor-element.elementor-element-dee0133 .elementor-heading-title{font-family:\"Cormorant Garamond\", Sans-serif;font-size:50px;font-weight:500;line-height:1.1em;color:#FFFFFF;}:root{--page-title-display:none;}@media(max-width:1024px){.elementor-2032 .elementor-element.elementor-element-4fccfdb > .elementor-element-populated{padding:8em 0em 0em 0em;}.elementor-2032 .elementor-element.elementor-element-dee0133 .elementor-heading-title{font-size:40px;}}@media(max-width:767px){.elementor-2032 .elementor-element.elementor-element-4fccfdb > .elementor-element-populated{padding:9em 0em 0em 0em;}.elementor-2032 .elementor-element.elementor-element-dee0133 .elementor-heading-title{font-size:30px;}}<\/style>\t\t<div data-elementor-type=\"wp-page\" data-elementor-id=\"2032\" class=\"elementor elementor-2032 elementor-2030\">\n\t\t\t\t\t\t<section class=\"elementor-section elementor-top-section elementor-element elementor-element-892ffbd elementor-section-full_width elementor-section-height-default elementor-section-height-default\" data-id=\"892ffbd\" data-element_type=\"section\" data-e-type=\"section\">\n\t\t\t\t\t\t<div class=\"elementor-container elementor-column-gap-default\">\n\t\t\t\t\t<div class=\"elementor-column elementor-col-100 elementor-top-column elementor-element elementor-element-4fccfdb\" data-id=\"4fccfdb\" data-element_type=\"column\" data-e-type=\"column\" data-settings=\"{&quot;background_background&quot;:&quot;classic&quot;}\">\n\t\t\t<div class=\"elementor-widget-wrap elementor-element-populated\">\n\t\t\t\t\t\t<div class=\"elementor-element elementor-element-dee0133 elementor-widget elementor-widget-heading\" data-id=\"dee0133\" data-element_type=\"widget\" data-e-type=\"widget\" data-widget_type=\"heading.default\">\n\t\t\t\t<div class=\"elementor-widget-container\">\n\t\t\t\t\t<h1 class=\"elementor-heading-title elementor-size-default\">Visite virtuelle The Deck - Beach Club Samui<\/h1>\t\t\t\t<\/div>\n\t\t\t\t<\/div>\n\t\t\t\t<div class=\"elementor-element elementor-element-7a2702f elementor-widget elementor-widget-html\" data-id=\"7a2702f\" data-element_type=\"widget\" data-e-type=\"widget\" data-widget_type=\"html.default\">\n\t\t\t\t<div class=\"elementor-widget-container\">\n\t\t\t\t\t<iframe width=\"100%\" height=\"780\" src=\"https:\/\/my.matterport.com\/show\/?m=b82DdpCnZ4n\" frameborder=\"0\" allowfullscreen=\"\" allow=\"xr-spatial-tracking\"><\/iframe>\t\t\t\t<\/div>\n\t\t\t\t<\/div>\n\t\t\t\t\t<\/div>\n\t\t<\/div>\n\t\t\t\t\t<\/div>\n\t\t<\/section>\n\t\t\t\t<\/div>\n\t\t","protected":false},"excerpt":{"rendered":"<p>Visite virtuelle The Deck &#8211; Beach Club Samui<\/p>\n","protected":false},"author":4,"featured_media":0,"parent":0,"menu_order":0,"comment_status":"closed","ping_status":"closed","template":"","meta":{"inline_featured_image":false,"footnotes":""},"class_list":["post-2032","page","type-page","status-publish","hentry"],"yoast_head":"<!-- This site is optimized with the Yoast SEO plugin v27.2 - https:\/\/yoast.com\/product\/yoast-seo-wordpress\/ -->\n<title>Visite virtuelle - The Deck Beach Club Samui<\/title>\n<meta name=\"description\" content=\"D\u00e9couvrez la visite virtuelle du Deck Beach Club Samui. Explorez notre club de plage situ\u00e9 pr\u00e8s de Fisherman&#039;s Village \u00e0 Koh Samui.\" \/>\n<meta name=\"robots\" content=\"index, follow, max-snippet:-1, max-image-preview:large, max-video-preview:-1\" \/>\n<link rel=\"canonical\" href=\"https:\/\/www.thedeck-samui.com\/fr\/visite-virtuelle\/\" \/>\n<meta property=\"og:locale\" content=\"fr_FR\" \/>\n<meta property=\"og:type\" content=\"article\" \/>\n<meta property=\"og:title\" content=\"Visite virtuelle - The Deck Beach Club Samui\" \/>\n<meta property=\"og:description\" content=\"D\u00e9couvrez la visite virtuelle du Deck Beach Club Samui. Explorez notre club de plage situ\u00e9 pr\u00e8s de Fisherman&#039;s Village \u00e0 Koh Samui.\" \/>\n<meta property=\"og:url\" content=\"https:\/\/www.thedeck-samui.com\/fr\/visite-virtuelle\/\" \/>\n<meta property=\"og:site_name\" content=\"The Deck Beach Club Samui\" \/>\n<meta property=\"article:modified_time\" content=\"2024-12-27T10:09:43+00:00\" \/>\n<meta name=\"twitter:card\" content=\"summary_large_image\" \/>\n<script type=\"application\/ld+json\" class=\"yoast-schema-graph\">{\"@context\":\"https:\/\/schema.org\",\"@graph\":[{\"@type\":\"WebPage\",\"@id\":\"https:\/\/www.thedeck-samui.com\/fr\/visite-virtuelle\/\",\"url\":\"https:\/\/www.thedeck-samui.com\/fr\/visite-virtuelle\/\",\"name\":\"Visite virtuelle - The Deck Beach Club Samui\",\"isPartOf\":{\"@id\":\"https:\/\/www.thedeck-samui.com\/fr\/#website\"},\"datePublished\":\"2024-11-29T04:57:02+00:00\",\"dateModified\":\"2024-12-27T10:09:43+00:00\",\"description\":\"D\u00e9couvrez la visite virtuelle du Deck Beach Club Samui. Explorez notre club de plage situ\u00e9 pr\u00e8s de Fisherman's Village \u00e0 Koh Samui.\",\"breadcrumb\":{\"@id\":\"https:\/\/www.thedeck-samui.com\/fr\/visite-virtuelle\/#breadcrumb\"},\"inLanguage\":\"fr-FR\",\"potentialAction\":[{\"@type\":\"ReadAction\",\"target\":[\"https:\/\/www.thedeck-samui.com\/fr\/visite-virtuelle\/\"]}]},{\"@type\":\"BreadcrumbList\",\"@id\":\"https:\/\/www.thedeck-samui.com\/fr\/visite-virtuelle\/#breadcrumb\",\"itemListElement\":[{\"@type\":\"ListItem\",\"position\":1,\"name\":\"Home\",\"item\":\"https:\/\/www.thedeck-samui.com\/fr\/accueil\/\"},{\"@type\":\"ListItem\",\"position\":2,\"name\":\"Visite virtuelle\"}]},{\"@type\":\"WebSite\",\"@id\":\"https:\/\/www.thedeck-samui.com\/fr\/#website\",\"url\":\"https:\/\/www.thedeck-samui.com\/fr\/\",\"name\":\"The Deck Beach Club Samui\",\"description\":\"\",\"potentialAction\":[{\"@type\":\"SearchAction\",\"target\":{\"@type\":\"EntryPoint\",\"urlTemplate\":\"https:\/\/www.thedeck-samui.com\/fr\/?s={search_term_string}\"},\"query-input\":{\"@type\":\"PropertyValueSpecification\",\"valueRequired\":true,\"valueName\":\"search_term_string\"}}],\"inLanguage\":\"fr-FR\"}]}<\/script>\n<!-- \/ Yoast SEO plugin. -->","yoast_head_json":{"title":"Visite virtuelle - The Deck Beach Club Samui","description":"D\u00e9couvrez la visite virtuelle du Deck Beach Club Samui. Explorez notre club de plage situ\u00e9 pr\u00e8s de Fisherman's Village \u00e0 Koh Samui.","robots":{"index":"index","follow":"follow","max-snippet":"max-snippet:-1","max-image-preview":"max-image-preview:large","max-video-preview":"max-video-preview:-1"},"canonical":"https:\/\/www.thedeck-samui.com\/fr\/visite-virtuelle\/","og_locale":"fr_FR","og_type":"article","og_title":"Visite virtuelle - The Deck Beach Club Samui","og_description":"D\u00e9couvrez la visite virtuelle du Deck Beach Club Samui. Explorez notre club de plage situ\u00e9 pr\u00e8s de Fisherman's Village \u00e0 Koh Samui.","og_url":"https:\/\/www.thedeck-samui.com\/fr\/visite-virtuelle\/","og_site_name":"The Deck Beach Club Samui","article_modified_time":"2024-12-27T10:09:43+00:00","twitter_card":"summary_large_image","schema":{"@context":"https:\/\/schema.org","@graph":[{"@type":"WebPage","@id":"https:\/\/www.thedeck-samui.com\/fr\/visite-virtuelle\/","url":"https:\/\/www.thedeck-samui.com\/fr\/visite-virtuelle\/","name":"Visite virtuelle - The Deck Beach Club Samui","isPartOf":{"@id":"https:\/\/www.thedeck-samui.com\/fr\/#website"},"datePublished":"2024-11-29T04:57:02+00:00","dateModified":"2024-12-27T10:09:43+00:00","description":"D\u00e9couvrez la visite virtuelle du Deck Beach Club Samui. Explorez notre club de plage situ\u00e9 pr\u00e8s de Fisherman's Village \u00e0 Koh Samui.","breadcrumb":{"@id":"https:\/\/www.thedeck-samui.com\/fr\/visite-virtuelle\/#breadcrumb"},"inLanguage":"fr-FR","potentialAction":[{"@type":"ReadAction","target":["https:\/\/www.thedeck-samui.com\/fr\/visite-virtuelle\/"]}]},{"@type":"BreadcrumbList","@id":"https:\/\/www.thedeck-samui.com\/fr\/visite-virtuelle\/#breadcrumb","itemListElement":[{"@type":"ListItem","position":1,"name":"Home","item":"https:\/\/www.thedeck-samui.com\/fr\/accueil\/"},{"@type":"ListItem","position":2,"name":"Visite virtuelle"}]},{"@type":"WebSite","@id":"https:\/\/www.thedeck-samui.com\/fr\/#website","url":"https:\/\/www.thedeck-samui.com\/fr\/","name":"The Deck Beach Club Samui","description":"","potentialAction":[{"@type":"SearchAction","target":{"@type":"EntryPoint","urlTemplate":"https:\/\/www.thedeck-samui.com\/fr\/?s={search_term_string}"},"query-input":{"@type":"PropertyValueSpecification","valueRequired":true,"valueName":"search_term_string"}}],"inLanguage":"fr-FR"}]}},"_links":{"self":[{"href":"https:\/\/www.thedeck-samui.com\/fr\/wp-json\/wp\/v2\/pages\/2032","targetHints":{"allow":["GET"]}}],"collection":[{"href":"https:\/\/www.thedeck-samui.com\/fr\/wp-json\/wp\/v2\/pages"}],"about":[{"href":"https:\/\/www.thedeck-samui.com\/fr\/wp-json\/wp\/v2\/types\/page"}],"author":[{"embeddable":true,"href":"https:\/\/www.thedeck-samui.com\/fr\/wp-json\/wp\/v2\/users\/4"}],"replies":[{"embeddable":true,"href":"https:\/\/www.thedeck-samui.com\/fr\/wp-json\/wp\/v2\/comments?post=2032"}],"version-history":[{"count":7,"href":"https:\/\/www.thedeck-samui.com\/fr\/wp-json\/wp\/v2\/pages\/2032\/revisions"}],"predecessor-version":[{"id":2213,"href":"https:\/\/www.thedeck-samui.com\/fr\/wp-json\/wp\/v2\/pages\/2032\/revisions\/2213"}],"wp:attachment":[{"href":"https:\/\/www.thedeck-samui.com\/fr\/wp-json\/wp\/v2\/media?parent=2032"}],"curies":[{"name":"wp","href":"https:\/\/api.w.org\/{rel}","templated":true}]}}